{"id":608,"date":"2025-03-18T19:27:50","date_gmt":"2025-03-18T18:27:50","guid":{"rendered":"https:\/\/dev.tsvemmelshausen.de\/?page_id=608"},"modified":"2025-11-19T20:25:55","modified_gmt":"2025-11-19T19:25:55","slug":"trainingszeiten-kinderturnen","status":"publish","type":"page","link":"https:\/\/www.tsvemmelshausen.de\/?page_id=608","title":{"rendered":"Trainingszeiten Kinderturnen \/ Zirkeltraining"},"content":{"rendered":"\n\n\n\n\n\n\n\n\n<div class=\"wp-block-columns alignwide is-layout-flex wp-container-core-columns-is-layout-28f84493 wp-block-columns-is-layout-flex\">\n<div class=\"wp-block-column is-layout-flow wp-block-column-is-layout-flow\">\n<p class=\"has-text-align-center\"><\/p>\n\n\n\n<p class=\"has-text-align-center\"><\/p>\n<\/div>\n<\/div>\n\n\n\n\n\n<div class=\"wp-block-columns is-layout-flex wp-container-core-columns-is-layout-28f84493 wp-block-columns-is-layout-flex\">\n<div class=\"wp-block-column is-layout-flow wp-block-column-is-layout-flow\" style=\"flex-basis:33.33%\">\n<p>Wochentag:    Donnerstag<br>Uhrzeit: 20:00 -22:00 Uhr<\/p>\n<\/div>\n\n\n\n<div class=\"wp-block-column is-layout-flow wp-block-column-is-layout-flow\" style=\"flex-basis:66.66%\">\n<p>Im Zirkeltraining wird die Fitness auf das n\u00e4chste Level gehoben. <\/p>\n\n\n\n<p>\u00dcbungsleiter Philipp Vogt<\/p>\n\n\n\n<p>01514 1464959<\/p>\n\n\n\n<p>Das Training findet in der Gro\u00dfen Sporthalle der IGS Emmelshausen statt.<\/p>\n<\/div>\n<\/div>\n\n\n","protected":false},"excerpt":{"rendered":"<p>Wochentag: DonnerstagUhrzeit: 20:00 -22:00 Uhr Im Zirkeltraining wird die Fitness auf das n\u00e4chste Level gehoben. \u00dcbungsleiter Philipp Vogt 01514 1464959 Das Training findet in der Gro\u00dfen Sporthalle der IGS Emmelshausen statt.<\/p>\n","protected":false},"author":10,"featured_media":0,"parent":99,"menu_order":0,"comment_status":"closed","ping_status":"closed","template":"full-width","meta":{"saved_in_kubio":true,"footnotes":""},"class_list":["post-608","page","type-page","status-publish","hentry"],"kubio_ai_page_context":{"short_desc":"","purpose":"general"},"_links":{"self":[{"href":"https:\/\/www.tsvemmelshausen.de\/index.php?rest_route=\/wp\/v2\/pages\/608","targetHints":{"allow":["GET"]}}],"collection":[{"href":"https:\/\/www.tsvemmelshausen.de\/index.php?rest_route=\/wp\/v2\/pages"}],"about":[{"href":"https:\/\/www.tsvemmelshausen.de\/index.php?rest_route=\/wp\/v2\/types\/page"}],"author":[{"embeddable":true,"href":"https:\/\/www.tsvemmelshausen.de\/index.php?rest_route=\/wp\/v2\/users\/10"}],"replies":[{"embeddable":true,"href":"https:\/\/www.tsvemmelshausen.de\/index.php?rest_route=%2Fwp%2Fv2%2Fcomments&post=608"}],"version-history":[{"count":19,"href":"https:\/\/www.tsvemmelshausen.de\/index.php?rest_route=\/wp\/v2\/pages\/608\/revisions"}],"predecessor-version":[{"id":1658,"href":"https:\/\/www.tsvemmelshausen.de\/index.php?rest_route=\/wp\/v2\/pages\/608\/revisions\/1658"}],"up":[{"embeddable":true,"href":"https:\/\/www.tsvemmelshausen.de\/index.php?rest_route=\/wp\/v2\/pages\/99"}],"wp:attachment":[{"href":"https:\/\/www.tsvemmelshausen.de\/index.php?rest_route=%2Fwp%2Fv2%2Fmedia&parent=608"}],"curies":[{"name":"wp","href":"https:\/\/api.w.org\/{rel}","templated":true}]}}