{"id":606,"date":"2025-03-18T19:27:38","date_gmt":"2025-03-18T18:27:38","guid":{"rendered":"https:\/\/dev.tsvemmelshausen.de\/?page_id=606"},"modified":"2026-03-14T09:16:08","modified_gmt":"2026-03-14T08:16:08","slug":"aktuelles-kinderturnen","status":"publish","type":"page","link":"https:\/\/www.tsvemmelshausen.de\/?page_id=606","title":{"rendered":"Aktuelles Kinderturnen"},"content":{"rendered":"\n<div class=\"wp-block-columns is-layout-flex wp-container-core-columns-is-layout-28f84493 wp-block-columns-is-layout-flex\">\n<div class=\"wp-block-column is-layout-flow wp-block-column-is-layout-flow\" style=\"flex-basis:100%\">\n<div class=\"wp-block-columns is-layout-flex wp-container-core-columns-is-layout-28f84493 wp-block-columns-is-layout-flex\">\n<div class=\"wp-block-column is-layout-flow wp-block-column-is-layout-flow\">\n<div class=\"wp-block-columns is-layout-flex wp-container-core-columns-is-layout-28f84493 wp-block-columns-is-layout-flex\">\n<div class=\"wp-block-column is-layout-flow wp-block-column-is-layout-flow\">\n<div class=\"wp-block-columns is-layout-flex wp-container-core-columns-is-layout-28f84493 wp-block-columns-is-layout-flex\">\n<div class=\"wp-block-column is-layout-flow wp-block-column-is-layout-flow\"><\/div>\n<\/div>\n<\/div>\n<\/div>\n<\/div>\n<\/div>\n<\/div>\n<\/div>\n\n\n\n<div class=\"wp-block-columns is-layout-flex wp-container-core-columns-is-layout-28f84493 wp-block-columns-is-layout-flex\">\n<div class=\"wp-block-column is-layout-flow wp-block-column-is-layout-flow\"><\/div>\n<\/div>\n\n\n\n\n\n\n\n<p><\/p>\n\n\n","protected":false},"excerpt":{"rendered":"<p>Aktuell: Das Zirkeltraining ist sehr gut angenommen worden, dass wir aktuell keine Neuaufnahmen mehr annehmen k\u00f6nnen.<br \/>Wir sagen Euch Bescheid wenn sich dies wieder \u00e4ndert.<\/p>\n<p><strong>Neues Zirkeltraining f\u00fcr Eltern und Erwachsene beim TSV Emmelshausen<\/strong><\/p>\n<p>Wann? Jeden Donnerstag von 20:00 bis 22:00 Uhr<br \/>Wo? Turnhalle der IGS Emmelshausen<br \/>Start? Ab dem 21.08.2025<\/p>\n<p>Beschreibung:<br \/>Unser neues Zirkeltraining richtet sich speziell an Eltern, aber auch Erwachsene ohne Kinder sind herzlich willkommen! Das Training bietet dir ein intensives Workout f\u00fcr den gesamten K\u00f6rper und ist f\u00fcr alle Fitnesslevel geeignet. Egal ob Anf\u00e4nger oder Fortgeschrittene, jeder kann mitmachen. Das Training findet ganzj\u00e4hrig in der Halle statt, sodass wir unabh\u00e4ngig vom Wetter sind.<\/p>\n<p>Der TSV Emmelshausen w\u00fcrde sich sehr freuen, wenn du dabei bist und das Angebot gut angenommen wird!<\/p>\n<p>Komm vorbei und bring deine Fitness auf das n\u00e4chste Level! Wir freuen uns auf dich!<\/p>\n","protected":false},"author":10,"featured_media":0,"parent":99,"menu_order":0,"comment_status":"closed","ping_status":"closed","template":"full-width","meta":{"saved_in_kubio":true,"footnotes":""},"class_list":["post-606","page","type-page","status-publish","hentry"],"kubio_ai_page_context":{"short_desc":"","purpose":"general"},"_links":{"self":[{"href":"https:\/\/www.tsvemmelshausen.de\/index.php?rest_route=\/wp\/v2\/pages\/606","targetHints":{"allow":["GET"]}}],"collection":[{"href":"https:\/\/www.tsvemmelshausen.de\/index.php?rest_route=\/wp\/v2\/pages"}],"about":[{"href":"https:\/\/www.tsvemmelshausen.de\/index.php?rest_route=\/wp\/v2\/types\/page"}],"author":[{"embeddable":true,"href":"https:\/\/www.tsvemmelshausen.de\/index.php?rest_route=\/wp\/v2\/users\/10"}],"replies":[{"embeddable":true,"href":"https:\/\/www.tsvemmelshausen.de\/index.php?rest_route=%2Fwp%2Fv2%2Fcomments&post=606"}],"version-history":[{"count":19,"href":"https:\/\/www.tsvemmelshausen.de\/index.php?rest_route=\/wp\/v2\/pages\/606\/revisions"}],"predecessor-version":[{"id":1825,"href":"https:\/\/www.tsvemmelshausen.de\/index.php?rest_route=\/wp\/v2\/pages\/606\/revisions\/1825"}],"up":[{"embeddable":true,"href":"https:\/\/www.tsvemmelshausen.de\/index.php?rest_route=\/wp\/v2\/pages\/99"}],"wp:attachment":[{"href":"https:\/\/www.tsvemmelshausen.de\/index.php?rest_route=%2Fwp%2Fv2%2Fmedia&parent=606"}],"curies":[{"name":"wp","href":"https:\/\/api.w.org\/{rel}","templated":true}]}}